{"id":8583,"date":"2013-11-19T13:33:34","date_gmt":"2013-11-19T13:33:34","guid":{"rendered":"https:\/\/intentandoloimposible.es\/home\/"},"modified":"2023-03-23T12:13:32","modified_gmt":"2023-03-23T10:13:32","slug":"home","status":"publish","type":"page","link":"https:\/\/intentandoloimposible.es\/en\/","title":{"rendered":"Home"},"content":{"rendered":"<p>[et_pb_section fb_built=&#8221;1&#8243; fullwidth=&#8221;on&#8221; _builder_version=&#8221;4.16&#8243; global_colors_info=&#8221;{}&#8221;][et_pb_fullwidth_code _builder_version=&#8221;4.20.0&#8243; hover_enabled=&#8221;0&#8243; custom_css_main_element=&#8221;padding-top: 0 !important;&#8221; global_colors_info=&#8221;{}&#8221; sticky_enabled=&#8221;0&#8243;][\/et_pb_fullwidth_code][\/et_pb_section][et_pb_section fb_built=&#8221;1&#8243; disabled_on=&#8221;on|on|on&#8221; admin_label=&#8221;Ejea&#8221; _builder_version=&#8221;4.20.0&#8243; custom_padding=&#8221;100px|||||&#8221; disabled=&#8221;on&#8221; collapsed=&#8221;on&#8221; global_colors_info=&#8221;{}&#8221;][et_pb_row _builder_version=&#8221;4.16&#8243; global_colors_info=&#8221;{}&#8221;][et_pb_column type=&#8221;4_4&#8243; _builder_version=&#8221;4.16&#8243; global_colors_info=&#8221;{}&#8221;][et_pb_text _builder_version=&#8221;4.20.0&#8243; global_colors_info=&#8221;{}&#8221;]<\/p>\n<h2 style=\"text-align: center;\">Ejea de los Caballeros<\/h2>\n<p>Una ciudad moderna y din\u00e1mica que se ha constituido en las \u00faltimas d\u00e9cadas como uno de los ejes vertebradores del territorio aragon\u00e9s. Un municipio activo e innovador, integrado por nueve piezas de un mismo engranaje: Ejea y sus Pueblos, Pinsoro, Bardenas, Santa Anastasia, El Bayo, Valare\u00f1a, El Sabinar, Rivas y Farasdu\u00e9s.<\/p>\n<p>Un territorio en el que creer y crear, situado al noroeste de la provincia de Zaragoza, donde todo lo que importa est\u00e1 a su alcance, en un entorno sostenible. Y, adem\u00e1s, disfrutar de bellos paisajes naturales, visitar espacios singulares o conocer un valioso patrimonio art\u00edstico.<\/p>\n<p>Descubrir una sociedad moderna, libre, viva, abierta y diversa. Una sociedad preparada para recibir los retos del futuro. Una de las principales ciudades de Arag\u00f3n.<\/p>\n<p>[\/et_pb_text][\/et_pb_column][\/et_pb_row][\/et_pb_section][et_pb_section fb_built=&#8221;1&#8243; _builder_version=&#8221;4.20.0&#8243; custom_padding=&#8221;||||false|false&#8221; locked=&#8221;off&#8221; global_colors_info=&#8221;{}&#8221;][et_pb_row _builder_version=&#8221;4.16&#8243; global_colors_info=&#8221;{}&#8221;][et_pb_column type=&#8221;4_4&#8243; _builder_version=&#8221;4.16&#8243; global_colors_info=&#8221;{}&#8221;][et_pb_text _builder_version=&#8221;4.20.0&#8243; hover_enabled=&#8221;0&#8243; global_colors_info=&#8221;{}&#8221; sticky_enabled=&#8221;0&#8243;]<\/p>\n<h1 style=\"text-align: center;\">Ejea Agricity<\/h1>\n<p>[\/et_pb_text][et_pb_text _builder_version=&#8221;4.20.0&#8243; hover_enabled=&#8221;0&#8243; global_colors_info=&#8221;{}&#8221; sticky_enabled=&#8221;0&#8243;]<\/p>\n<p>Ejea de los Caballeros is building its future based on a harmonious combination of urban spaces for citizens, quality of life and a territorial context conducive to economic activities, consolidated in the thousands of hectares of irrigated land and in the business and technology parks.<\/p>\n<p>This gave rise to the concept of \u201cagricity\u201d. It is a viable and sustainable idea that aims to activate a stable process of participatory social innovation in the agricultural sector, which favours sharing problems and creating solutions in conjunction with local productive sectors.<\/p>\n<p>This approach is based on intelligent territorial specialisation close to an innovative, technological and sustainable agri-food complex, following the principles of circular economy, environmental sustainability and public-private collaboration. <\/p>\n<p>[\/et_pb_text][\/et_pb_column][\/et_pb_row][\/et_pb_section][et_pb_section fb_built=&#8221;1&#8243; fullwidth=&#8221;on&#8221; _builder_version=&#8221;4.20.0&#8243; background_image=&#8221;http:\/\/intentandoloimposible.es\/wp-content\/uploads\/2023\/02\/Ejea-Agrociudad-2-scaled.jpg&#8221; parallax=&#8221;on&#8221; min_height=&#8221;400px&#8221; height=&#8221;400px&#8221; max_height=&#8221;400px&#8221; custom_padding=&#8221;0px||0px|||&#8221; locked=&#8221;off&#8221; global_colors_info=&#8221;{}&#8221;][\/et_pb_section][et_pb_section fb_built=&#8221;1&#8243; admin_label=&#8221;section&#8221; _builder_version=&#8221;4.20.0&#8243; custom_padding=&#8221;||||false|false&#8221; locked=&#8221;off&#8221; global_colors_info=&#8221;{}&#8221;][et_pb_row admin_label=&#8221;row&#8221; _builder_version=&#8221;4.16&#8243; background_size=&#8221;initial&#8221; background_position=&#8221;top_left&#8221; background_repeat=&#8221;repeat&#8221; global_colors_info=&#8221;{}&#8221;][et_pb_column type=&#8221;4_4&#8243; _builder_version=&#8221;4.16&#8243; custom_padding=&#8221;|||&#8221; global_colors_info=&#8221;{}&#8221; custom_padding__hover=&#8221;|||&#8221;][et_pb_text _builder_version=&#8221;4.20.0&#8243; hover_enabled=&#8221;0&#8243; global_colors_info=&#8221;{}&#8221; sticky_enabled=&#8221;0&#8243;]<\/p>\n<h1 style=\"text-align: center;\">Invest in Ejea<\/h1>\n<p>[\/et_pb_text][et_pb_text _builder_version=&#8221;4.20.0&#8243; hover_enabled=&#8221;0&#8243; global_colors_info=&#8221;{}&#8221; sticky_enabled=&#8221;0&#8243;]<\/p>\n<p>It has a long history, a broad and diversified business community, an active industrial sector, a strong agricultural sector, optimal conditions in terms of caring for the environment, an extensive financial sector, versatile industrial infrastructures and a dense network of business services. All of this helps businesses to develop and guarantees that there are suppliers for all industrial sectors.<\/p>\n<p>Ejea de los Caballeros \u2013 a place where you can create what you believe in.<\/p>\n<p>[\/et_pb_text][\/et_pb_column][\/et_pb_row][\/et_pb_section][et_pb_section fb_built=&#8221;1&#8243; fullwidth=&#8221;on&#8221; _builder_version=&#8221;4.20.0&#8243; background_image=&#8221;http:\/\/intentandoloimposible.es\/wp-content\/uploads\/2014\/07\/13-invierteenejea-A.jpg&#8221; parallax=&#8221;on&#8221; min_height=&#8221;400px&#8221; height=&#8221;400px&#8221; max_height=&#8221;400px&#8221; custom_padding=&#8221;0px||0px|||&#8221; locked=&#8221;off&#8221; global_colors_info=&#8221;{}&#8221;][\/et_pb_section][et_pb_section fb_built=&#8221;1&#8243; admin_label=&#8221;section&#8221; _builder_version=&#8221;4.20.0&#8243; custom_padding=&#8221;||||false|false&#8221; locked=&#8221;off&#8221; global_colors_info=&#8221;{}&#8221;][et_pb_row admin_label=&#8221;row&#8221; _builder_version=&#8221;4.16&#8243; background_size=&#8221;initial&#8221; background_position=&#8221;top_left&#8221; background_repeat=&#8221;repeat&#8221; global_colors_info=&#8221;{}&#8221;][et_pb_column type=&#8221;4_4&#8243; _builder_version=&#8221;4.16&#8243; custom_padding=&#8221;|||&#8221; global_colors_info=&#8221;{}&#8221; custom_padding__hover=&#8221;|||&#8221;][et_pb_text _builder_version=&#8221;4.20.0&#8243; hover_enabled=&#8221;0&#8243; global_colors_info=&#8221;{}&#8221; sticky_enabled=&#8221;0&#8243;]<\/p>\n<h1 style=\"text-align: center;\">Living in Ejea<\/h1>\n<p>[\/et_pb_text][et_pb_text _builder_version=&#8221;4.20.0&#8243; hover_enabled=&#8221;0&#8243; global_colors_info=&#8221;{}&#8221; sticky_enabled=&#8221;0&#8243;]<\/p>\n<p>Ejea de los Caballeros is a decentralised municipality, with one town, Ejea, which acts as the central nucleus and eight rural neighbourhoods (two historic enclaves and six new towns).<\/p>\n<p>In a large territory and with a population of more than 17,000 inhabitants, urban areas, farmland (dry and irrigated), industrial estates and natural areas coexist in an integrated manner.<\/p>\n<p>Ejea Town Council promotes and coordinates a set of strategies to reinforce the territorial, administrative, social and economic cohesion of a municipality, such as Ejea, with very specific characteristics.<\/p>\n<p>Its individuality is reinforced by another differential characteristic: it is a municipality that has rurality across three spheres.<\/p>\n<p>First, the rurality of a municipality within a district \u2013 the Cinco Villas \u2013 which Ejea is the capital of, where the rural plays an evidently substantial role.<\/p>\n<p>Second, the rurality of a municipality with respect to the rest of Aragon and, above all, with respect to the large urban centre of Zaragoza and its metropolitan area.<\/p>\n<p>And lastly, the rurality of the eight rural neighbourhoods of Ejea (six new towns and two historic ones) with respect to the central nucleus of Ejea, which has an urban influence on them.<\/p>\n<p>[\/et_pb_text][\/et_pb_column][\/et_pb_row][\/et_pb_section][et_pb_section fb_built=&#8221;1&#8243; fullwidth=&#8221;on&#8221; _builder_version=&#8221;4.20.0&#8243; background_image=&#8221;http:\/\/intentandoloimposible.es\/wp-content\/uploads\/2013\/11\/01-home-C.jpg&#8221; parallax=&#8221;on&#8221; min_height=&#8221;400px&#8221; height=&#8221;400px&#8221; max_height=&#8221;400px&#8221; custom_padding=&#8221;0px||0px|||&#8221; locked=&#8221;off&#8221; global_colors_info=&#8221;{}&#8221;][\/et_pb_section][et_pb_section fb_built=&#8221;1&#8243; admin_label=&#8221;video&#8221; _builder_version=&#8221;4.16&#8243; global_colors_info=&#8221;{}&#8221;][et_pb_row _builder_version=&#8221;4.16&#8243; global_colors_info=&#8221;{}&#8221;][et_pb_column type=&#8221;4_4&#8243; _builder_version=&#8221;4.16&#8243; global_colors_info=&#8221;{}&#8221;][et_pb_text _builder_version=&#8221;4.20.0&#8243; hover_enabled=&#8221;0&#8243; global_colors_info=&#8221;{}&#8221; sticky_enabled=&#8221;0&#8243;]<\/p>\n<h2 style=\"text-align: center;\">Ejea de los Caballeros and its villages \u2013 a place where you can create what you believe in.<\/h2>\n<div id=\"gtx-trans\" style=\"position: absolute; left: 408px; top: 4.90625px;\">\n<div class=\"gtx-trans-icon\">\u00a0<\/div>\n<\/div>\n<p>[\/et_pb_text][\/et_pb_column][\/et_pb_row][et_pb_row _builder_version=&#8221;4.16&#8243; global_colors_info=&#8221;{}&#8221;][et_pb_column type=&#8221;4_4&#8243; _builder_version=&#8221;4.16&#8243; global_colors_info=&#8221;{}&#8221;][et_pb_video src=&#8221;https:\/\/vimeo.com\/802674055&#8243; _builder_version=&#8221;4.20.0&#8243; global_colors_info=&#8221;{}&#8221;][\/et_pb_video][\/et_pb_column][\/et_pb_row][\/et_pb_section]<\/p>\n","protected":false},"excerpt":{"rendered":"<p>Ejea de los Caballeros Una ciudad moderna y din\u00e1mica que se ha constituido en las \u00faltimas d\u00e9cadas como uno de los ejes vertebradores del territorio aragon\u00e9s. Un municipio activo e innovador, integrado por nueve piezas de un mismo engranaje: Ejea y sus Pueblos, Pinsoro, Bardenas, Santa Anastasia, El Bayo, Valare\u00f1a, El Sabinar, Rivas y [&hellip;]<\/p>\n","protected":false},"author":1,"featured_media":0,"parent":0,"menu_order":0,"comment_status":"open","ping_status":"closed","template":"","meta":{"_et_pb_use_builder":"on","_et_pb_old_content":"[vc_row row_type=\"section\" type=\"grid\" text_align=\"left\" padding_top=\"100\" padding_bottom=\"87\"][vc_column width=\"1\/1\"][vc_separator type=\"transparent\" position=\"center\"][vc_column_text]\r\n<h2 style=\"text-align: center;\">Ejea de los Caballeros<\/h2>\r\n[\/vc_column_text][vc_separator type=\"transparent\" position=\"center\"][vc_column_text]Una ciudad moderna y din\u00e1mica que se ha constituido en las \u00faltimas d\u00e9cadas como uno de los ejes vertebradores del territorio aragon\u00e9s. Un municipio activo e innovador, integrado por nueve piezas de un mismo engranaje: Ejea y sus Pueblos, Pinsoro, Bardenas, Santa Anastasia, El Bayo, Valare\u00f1a, El Sabinar, Rivas y Farasdu\u00e9s.[\/vc_column_text][vc_separator type=\"transparent\" position=\"center\"][vc_column_text]Un territorio en el que creer y crear, situado al noroeste de la provincia de Zaragoza, donde todo lo que importa est\u00e1 a su alcance, en un entorno sostenible. Y adem\u00e1s, disfrutar de bellos paisajes naturales, visitar espacios singulares o conocer un valioso patrimonio art\u00edstico. Descubrir una sociedad moderna, libre, viva, abierta y diversa. Una sociedad preparada para recibir los retos del futuro. Una de las principales ciudades de Arag\u00f3n.[\/vc_column_text][\/vc_column][\/vc_row][vc_row][vc_column width=\"1\/1\"][vc_parallax][vc_parallax_section title=\"Section 1\" background_image=\"7973\" height=\"400\" position=\"center\"][\/vc_parallax_section][\/vc_parallax][\/vc_column][\/vc_row][vc_row row_type=\"section\" type=\"grid\" text_align=\"left\" padding_top=\"100\" padding_bottom=\"87\"][vc_column width=\"1\/1\"][vc_column_text]\r\n<h2 style=\"text-align: center;\">Gente y Cultura<\/h2>\r\n[\/vc_column_text][vc_separator type=\"transparent\" position=\"center\"][vc_column_text]A lo largo de la historia, los ejeanos y ejeanas han ido forjando una forma de ser y entender la vida que les ha tocado vivir. Ese devenir hist\u00f3rico ha ido calando en el tejido profundo de la sociedad ejeana desde los tiempos pasados hasta el presente m\u00e1s inmediato, dando lugar a un sentimiento llamado <strong>\u201cejeanidad\u201d<\/strong>.[\/vc_column_text][\/vc_column][\/vc_row][vc_row][vc_column width=\"1\/1\"][vc_parallax][vc_parallax_section title=\"Section 1\" background_image=\"7972\" height=\"400\" position=\"center\"][\/vc_parallax_section][\/vc_parallax][\/vc_column][\/vc_row][vc_row row_type=\"section\" type=\"grid\" text_align=\"center\" padding_top=\"100\" padding_bottom=\"87\"][vc_column width=\"1\/1\"][vc_column_text]\r\n<h2 style=\"text-align: center;\">\u00bfPor qu\u00e9 Ejea?<\/h2>\r\n[\/vc_column_text][\/vc_column][\/vc_row][vc_row][vc_column width=\"1\/1\"][vc_parallax][vc_parallax_section title=\"Section 1\" background_image=\"7974\" height=\"400\" position=\"center\"][\/vc_parallax_section][\/vc_parallax][\/vc_column][\/vc_row][vc_row row_type=\"section\" type=\"grid\" text_align=\"left\" padding_top=\"100\" padding_bottom=\"87\"][vc_column width=\"1\/1\"][vc_column_text]\r\n<h3 style=\"text-align: center;\">Una econom\u00eda din\u00e1mica<\/h3>\r\n[\/vc_column_text][vc_separator type=\"transparent\" position=\"center\"][vc_column_text]Con una larga tradici\u00f3n, un conjunto empresarial amplio y diversificado, un sector industrial activo, un potente sector agrario, unas \u00f3ptimas condiciones de respeto al medio ambiente, un sector financiero extenso, unas vers\u00e1tiles infraestructuras industriales y una tupida red de servicios para las empresas. Todo ello facilita la concertaci\u00f3n de negocios, garantizando la presencia de proveedores para todos los campos industriales.[\/vc_column_text][\/vc_column][\/vc_row][vc_row row_type=\"section\" type=\"grid\" text_align=\"center\"][vc_column width=\"1\/6\"][vc_separator type=\"transparent\" position=\"center\"][\/vc_column][vc_column width=\"2\/3\"][vc_column_text]\r\n<h2>Ejea de los Caballeros y sus Pueblos, el lugar donde creer para crear.<\/h2>\r\n[\/vc_column_text][vc_separator type=\"transparent\" position=\"center\"][vc_video link=\"https:\/\/vimeo.com\/123396545\"][vc_separator type=\"transparent\" position=\"center\"][\/vc_column][vc_column width=\"1\/6\"][\/vc_column][\/vc_row]","_et_gb_content_width":""},"_links":{"self":[{"href":"https:\/\/intentandoloimposible.es\/en\/wp-json\/wp\/v2\/pages\/8583"}],"collection":[{"href":"https:\/\/intentandoloimposible.es\/en\/wp-json\/wp\/v2\/pages"}],"about":[{"href":"https:\/\/intentandoloimposible.es\/en\/wp-json\/wp\/v2\/types\/page"}],"author":[{"embeddable":true,"href":"https:\/\/intentandoloimposible.es\/en\/wp-json\/wp\/v2\/users\/1"}],"replies":[{"embeddable":true,"href":"https:\/\/intentandoloimposible.es\/en\/wp-json\/wp\/v2\/comments?post=8583"}],"version-history":[{"count":3,"href":"https:\/\/intentandoloimposible.es\/en\/wp-json\/wp\/v2\/pages\/8583\/revisions"}],"predecessor-version":[{"id":8840,"href":"https:\/\/intentandoloimposible.es\/en\/wp-json\/wp\/v2\/pages\/8583\/revisions\/8840"}],"wp:attachment":[{"href":"https:\/\/intentandoloimposible.es\/en\/wp-json\/wp\/v2\/media?parent=8583"}],"curies":[{"name":"wp","href":"https:\/\/api.w.org\/{rel}","templated":true}]}}