{"id":8897,"date":"2023-03-08T11:30:46","date_gmt":"2023-03-08T09:30:46","guid":{"rendered":"https:\/\/intentandoloimposible.es\/ejea-calidad-de-vida\/"},"modified":"2023-03-23T15:48:34","modified_gmt":"2023-03-23T13:48:34","slug":"ejea-quality-of-life","status":"publish","type":"page","link":"https:\/\/intentandoloimposible.es\/en\/ejea-quality-of-life\/","title":{"rendered":"Ejea, quality of life"},"content":{"rendered":"<p>[et_pb_section fb_built=&#8221;1&#8243; fullwidth=&#8221;on&#8221; _builder_version=&#8221;4.16&#8243; global_colors_info=&#8221;{}&#8221;][et_pb_fullwidth_image src=&#8221;http:\/\/intentandoloimposible.es\/wp-content\/uploads\/2014\/05\/03-ejeadeloscaballeros-B.jpg&#8221; alt=&#8221;Vivir en Ejea&#8221; title_text=&#8221;Vivir en Ejea&#8221; _builder_version=&#8221;4.20.0&#8243; width=&#8221;100%&#8221; max_width=&#8221;100%&#8221; max_height=&#8221;1000px&#8221; global_colors_info=&#8221;{}&#8221;][\/et_pb_fullwidth_image][\/et_pb_section][et_pb_section fb_built=&#8221;1&#8243; _builder_version=&#8221;4.20.0&#8243; custom_padding=&#8221;||||false|false&#8221; global_colors_info=&#8221;{}&#8221;][et_pb_row _builder_version=&#8221;4.16&#8243; global_colors_info=&#8221;{}&#8221;][et_pb_column type=&#8221;4_4&#8243; _builder_version=&#8221;4.16&#8243; global_colors_info=&#8221;{}&#8221;][et_pb_text _builder_version=&#8221;4.20.0&#8243; hover_enabled=&#8221;0&#8243; global_colors_info=&#8221;{}&#8221; sticky_enabled=&#8221;0&#8243;]<\/p>\n<h1 style=\"text-align: center;\">Ejea, quality of life<\/h1>\n<p>[\/et_pb_text][et_pb_text _builder_version=&#8221;4.20.0&#8243; hover_enabled=&#8221;0&#8243; global_colors_info=&#8221;{}&#8221; sticky_enabled=&#8221;0&#8243;]<\/p>\n<p>With over 17,000 inhabitants, Ejea de los Caballeros is a town that offers high standards of quality of life in an urban-rural setting.<\/p>\n<p>In recent years and across several studies, Ejea de los Caballeros has always been considered one of the Spanish municipalities with over 10,000 inhabitants to have higher indicators of wellbeing.<\/p>\n<p>Ejea de los Caballeros provides unbeatable opportunities because of its average socioeconomic situation, commercial market share, cultural and sports facilities.<\/p>\n<p>Health centres, schools, social centres, average level of education, non-compulsory education, average useful surface area, traditional commerce and shopping centres, hotel and catering offer, public amenities, socio-cultural programming.<\/p>\n<p>A town of services that extends to the rest of the Cinco Villas district, home to just over 30,000 people and one of the main municipalities in Aragon.<\/p>\n<p>[\/et_pb_text][\/et_pb_column][\/et_pb_row][\/et_pb_section]<\/p>\n","protected":false},"excerpt":{"rendered":"<p>Ejea, quality of lifeWith over 17,000 inhabitants, Ejea de los Caballeros is a town that offers high standards of quality of life in an urban-rural setting. In recent years and across several studies, Ejea de los Caballeros has always been considered one of the Spanish municipalities with over 10,000 inhabitants to have higher indicators of [&hellip;]<\/p>\n","protected":false},"author":4,"featured_media":0,"parent":0,"menu_order":1,"comment_status":"closed","ping_status":"closed","template":"","meta":{"_et_pb_use_builder":"on","_et_pb_old_content":"[vc_row][vc_column width=\"1\/6\"][vc_separator type=\"transparent\" position=\"center\"][\/vc_column][vc_column width=\"2\/3\"][vc_separator type=\"transparent\" position=\"center\"][vc_column_text]\r\n<h3 style=\"text-align: center;\">Ejea de los Caballeros es uno de los municipios m\u00e1s importantes de Arag\u00f3n. Cuenta con un rico patrimonio art\u00edstico y natural as\u00ed como una larga tradici\u00f3n cultural y festiva adem\u00e1s de una actividad econ\u00f3mica muy din\u00e1mica.<\/h3>\r\nLa ciudad conjuga un casco hist\u00f3rico con encanto y un moderno Ensanche. Ejea de los Caballeros dispone de numerosos equipamientos culturales y deportivos. Gran cantidad de zonas verdes y una buena red de parques urbanos.\r\n\r\nLa econom\u00eda del municipio tiene su base en el complejo agroalimentario junto con la industria de maquinaria agr\u00edcola, sobre la que se ha desarrollado un tejido industrial cada vez m\u00e1s diversificado.\r\n\r\nEjea de los Caballeros, ofrece una extensa oferta de servicios comerciales, sanitarios, financieros, educativos o tur\u00edsticos entre otros y fue distinguida por el Gobierno de Espa\u00f1a como \u201cCiudad de la Ciencia y la Innovaci\u00f3n\u201d por su apuesta decidida y constante por la I+D+i.[\/vc_column_text][vc_column_text]\r\n<h2 style=\"text-align: center;\">Arte<\/h2>\r\n[\/vc_column_text][vc_separator type=\"transparent\" position=\"center\"][\/vc_column][vc_column width=\"1\/6\"][\/vc_column][\/vc_row][vc_row][vc_column width=\"1\/1\"][vc_parallax][vc_parallax_section title=\"Section 1\" background_image=\"7976\" height=\"400\" position=\"center\"][\/vc_parallax_section][\/vc_parallax][\/vc_column][\/vc_row][vc_row][vc_column width=\"1\/6\"][vc_separator type=\"transparent\" position=\"center\"][\/vc_column][vc_column width=\"2\/3\"][vc_separator type=\"transparent\" position=\"center\"][vc_column_text]La historia ha dejado en Ejea de los Caballeros importantes monumentos art\u00edsticos y profundas ra\u00edces culturales y sociales. Hay que destacar la iglesia de San Salvador, el casco urbano, la iglesia de Santa Maria de la Corona, la iglesia barroca de la Virgen de la Oliva y antes de seguir camino, descubrir un museo \u00fanico como Aquagraria.[\/vc_column_text][vc_separator type=\"transparent\" position=\"center\"][vc_row_inner row_type=\"row\" type=\"grid\" text_align=\"center\"][vc_column_inner width=\"1\/1\"][button size=\"large\" icon_size=\"fa-lg\" target=\"_self\" font_weight=\"100\" text=\"VER APARTADO >\" link=\"https:\/\/intentandoloimposible.es\/experiencias\/arte-y-cultura\/\" color=\"#ffffff\" background_color=\"#5ec0d9\" text_align=\"center\"][\/vc_column_inner][\/vc_row_inner][vc_separator type=\"transparent\" position=\"center\"][vc_separator type=\"normal\" position=\"center\"][vc_column_text]\r\n<h2 style=\"text-align: center;\">Naturaleza<\/h2>\r\n[\/vc_column_text][vc_separator type=\"transparent\" position=\"center\"][\/vc_column][vc_column width=\"1\/6\"][vc_separator type=\"transparent\" position=\"center\"][\/vc_column][\/vc_row][vc_row][vc_column width=\"1\/1\"][vc_parallax][vc_parallax_section title=\"Section 1\" background_image=\"7961\" height=\"400\" position=\"center\"][\/vc_parallax_section][\/vc_parallax][\/vc_column][\/vc_row][vc_row][vc_column width=\"1\/6\"][vc_separator type=\"transparent\" position=\"center\"][\/vc_column][vc_column width=\"2\/3\"][vc_separator type=\"transparent\" position=\"center\"][vc_column_text]La existencia de amplios espacios naturales, su diversidad, su configuraci\u00f3n, as\u00ed como las posibilidades que ofrecen para la pr\u00e1ctica y el desarrollo de diversas actividades deportivas al aire libre, convierten a Ejea de los Caballeros en un lugar agradable e id\u00f3neo para la acci\u00f3n en pleno contacto con la naturaleza.\r\n<h3 style=\"text-align: center;\">Cosas que hacer: Senderismo, bicicleta de monta\u00f1a, pesca, caza, equitaci\u00f3n y n\u00e1utica. Hosteler\u00eda y restauraci\u00f3n.<\/h3>\r\nEn Ejea de los Caballeros podr\u00e1s conocer m\u00e1s de mil lugares diferentes, simplemente disfrutando de los espacios naturales, de su patrimonio, de las fiestas populares o de las ofertas para la acci\u00f3n y el deporte que brinda la naturaleza o encontrarnos con el trato personal y amable de la oferta hostelera y gastron\u00f3mica.[\/vc_column_text][vc_separator type=\"transparent\" position=\"center\"][vc_row_inner row_type=\"row\" type=\"grid\" text_align=\"center\"][vc_column_inner width=\"1\/1\"][button size=\"large\" icon_size=\"fa-lg\" target=\"_self\" font_weight=\"100\" text=\"VER APARTADO >\" link=\"https:\/\/intentandoloimposible.es\/experiencias\/naturaleza\/\" color=\"#ffffff\" background_color=\"#5ec0d9\" text_align=\"center\"][\/vc_column_inner][\/vc_row_inner][vc_separator type=\"transparent\" position=\"center\"][\/vc_column][vc_column width=\"1\/6\"][vc_separator type=\"transparent\" position=\"center\"][\/vc_column][\/vc_row][vc_row row_type=\"section\" type=\"grid\" text_align=\"left\" background_color=\"#fafafa\"][vc_column width=\"1\/6\"][vc_separator type=\"transparent\" position=\"center\"][\/vc_column][vc_column width=\"5\/6\"][vc_column_text]<img class=\"attachment-full\" style=\"float: left; margin-right: 2em; margin-bottom: 2em;\" src=\"http:\/\/intentandoloimposible.es\/wp-content\/uploads\/2014\/05\/vivirenejea-min.jpg\" alt=\"Vivir en Ejea\" width=\"348\" height=\"232\" \/>\r\n<h3>Vivir en Ejea<\/h3>\r\nCada d\u00eda m\u00e1s, son las cosas peque\u00f1as las que hacen la vida grande. Vivir es abrir los ojos a estos detalles, tomarse el tiempo de reconocerlos, de disfrutarlos, recordar que ante todo somos peque\u00f1os y que en esto somos grandes.[\/vc_column_text][vc_separator type=\"transparent\" position=\"center\"][button size=\"large\" icon_size=\"fa-lg\" target=\"_self\" font_weight=\"100\" text=\"VER APARTADO >\" link=\"https:\/\/intentandoloimposible.es\/vivir-en-ejea\/\" color=\"#ffffff\" background_color=\"#5ec0d9\" text_align=\"center\"][vc_separator type=\"transparent\" position=\"center\"][\/vc_column][\/vc_row][vc_row row_type=\"section\" type=\"grid\" text_align=\"left\"][vc_column width=\"1\/6\"][vc_separator type=\"transparent\" position=\"center\"][\/vc_column][vc_column width=\"5\/6\"][vc_separator type=\"transparent\" position=\"center\"][vc_column_text]<img class=\"attachment-full\" style=\"float: right; margin-left: 2em;\" src=\"http:\/\/intentandoloimposible.es\/wp-content\/uploads\/2014\/05\/invierteenejea-min.jpg\" alt=\"Invierte en Ejea\" width=\"348\" height=\"232\" \/>\r\n<h3>Invierte en Ejea<\/h3>\r\nPorque cada d\u00eda, se convierte en mejor que el d\u00eda anterior. Porque promovemos el suelo industrial y tecnol\u00f3gico para que actividades econ\u00f3micas y emprendedoras tengan una ubicaci\u00f3n con todo tipo de infraestructuras y servicios, que les permita desarrollar su actividad en inmejorables condiciones y crear la empresa que todos so\u00f1amos.[\/vc_column_text][vc_separator type=\"transparent\" position=\"center\"][button size=\"large\" icon_size=\"fa-lg\" target=\"_self\" font_weight=\"100\" text=\"VER APARTADO >\" link=\"https:\/\/intentandoloimposible.es\/invierte-en-ejea\/\" color=\"#ffffff\" background_color=\"#5ec0d9\" text_align=\"center\"][vc_separator type=\"transparent\" position=\"center\"][\/vc_column][\/vc_row]","_et_gb_content_width":""},"_links":{"self":[{"href":"https:\/\/intentandoloimposible.es\/en\/wp-json\/wp\/v2\/pages\/8897"}],"collection":[{"href":"https:\/\/intentandoloimposible.es\/en\/wp-json\/wp\/v2\/pages"}],"about":[{"href":"https:\/\/intentandoloimposible.es\/en\/wp-json\/wp\/v2\/types\/page"}],"author":[{"embeddable":true,"href":"https:\/\/intentandoloimposible.es\/en\/wp-json\/wp\/v2\/users\/4"}],"replies":[{"embeddable":true,"href":"https:\/\/intentandoloimposible.es\/en\/wp-json\/wp\/v2\/comments?post=8897"}],"version-history":[{"count":2,"href":"https:\/\/intentandoloimposible.es\/en\/wp-json\/wp\/v2\/pages\/8897\/revisions"}],"predecessor-version":[{"id":8903,"href":"https:\/\/intentandoloimposible.es\/en\/wp-json\/wp\/v2\/pages\/8897\/revisions\/8903"}],"wp:attachment":[{"href":"https:\/\/intentandoloimposible.es\/en\/wp-json\/wp\/v2\/media?parent=8897"}],"curies":[{"name":"wp","href":"https:\/\/api.w.org\/{rel}","templated":true}]}}